{"id":1711,"date":"2014-10-10T17:33:36","date_gmt":"2014-10-10T17:33:36","guid":{"rendered":"http:\/\/www.stylehausdesign.com\/?page_id=1711"},"modified":"2016-09-29T22:31:47","modified_gmt":"2016-09-30T02:31:47","slug":"tatiana-moreira-3","status":"publish","type":"page","link":"https:\/\/www.stylehausdesign.com\/pt-br\/tatiana-moreira-3\/","title":{"rendered":"Tatiana Moreira"},"content":{"rendered":"<div  class='flex_column av-av_one_full-2a9015ff38129c418a3f2eafba3e9512 av_one_full  avia-builder-el-0  avia-builder-el-no-sibling  first flex_column_div  '     ><section  class='av_textblock_section av-av_textblock-0366cc7376be6c9e82a3e9cc8987b64f '   itemscope=\"itemscope\" itemtype=\"https:\/\/schema.org\/CreativeWork\" ><div class='avia_textblock'  itemprop=\"text\" ><p><a href=\"http:\/\/www.stylehausdesign.com\/wp-content\/uploads\/2014\/10\/MG_1116.jpg\"><img loading=\"lazy\" decoding=\"async\" class=\"alignleft wp-image-2972 size-medium\" src=\"http:\/\/www.stylehausdesign.com\/wp-content\/uploads\/2014\/10\/MG_1116-200x300.jpg\" width=\"200\" height=\"300\" srcset=\"https:\/\/www.stylehausdesign.com\/wp-content\/uploads\/2014\/10\/MG_1116-200x300.jpg 200w, https:\/\/www.stylehausdesign.com\/wp-content\/uploads\/2014\/10\/MG_1116-768x1152.jpg 768w, https:\/\/www.stylehausdesign.com\/wp-content\/uploads\/2014\/10\/MG_1116-687x1030.jpg 687w, https:\/\/www.stylehausdesign.com\/wp-content\/uploads\/2014\/10\/MG_1116-1000x1500.jpg 1000w, https:\/\/www.stylehausdesign.com\/wp-content\/uploads\/2014\/10\/MG_1116-470x705.jpg 470w, https:\/\/www.stylehausdesign.com\/wp-content\/uploads\/2014\/10\/MG_1116-450x675.jpg 450w\" sizes=\"auto, (max-width: 200px) 100vw, 200px\" \/><\/a><strong>Tatiana Moreira<\/strong>\u00a0&#8211; Sendo filha de pais que sempre estiveram na ind\u00fastria fashion no Brasil, Tatiana Moreira tem genes de design. Ela veio para os EUA em 1997, para estudar Ingl\u00eas e conquistar seu diploma em Arquitetura na FIU &#8211; Florida Internacional University. Trabalhar para a mundialmente renomada Arquitectonica &amp; RTKL, que est\u00e1 entre as 20 maiores empresas nos Estados Unidos, junto com seus estudos de arte em Firenze, It\u00e1lia e Nova Iorque, foi o fino toque que transformou Tatiana em uma designer excepcional, com habilidades necess\u00e1rias para se lan\u00e7ar com sucesso e expandir a StyleHaus Design. Mesmo em um apartamento, casa com 7 quartos ou cobertura de 4000 p\u00e9s\u00b2, escrit\u00f3rio, livraria ou um sal\u00e3o de cabeleireiros, o pensamento e vis\u00e3o adiantado com o senso de estilo de Tatiana fizeram tudo acontecer. \u201cTodo projeto \u00e9 um come\u00e7o novo em folha, sem passado, mas com futuro. Eu acredito que a arte, n\u00e3o importando sua forma, \u00e9 a maior manifesta\u00e7\u00e3o da criatividade humana. Em todas essas &#8211; criar um lar ou um acabamento para algu\u00e9m, a cria\u00e7\u00e3o tem os mesmos princ\u00edpios e processos; voc\u00ea cria para as necessidades de uma pessoa, uso e conforto. Para a vida de uma pessoa&#8221; &#8211; &#8220;Eu acredito em entregar um Design Bonito\/ Funcional\/ Ordenado e Limpo em todos os detalhes&#8221;, diz Tatiana.<\/p>\n<\/div><\/section><\/div>\n","protected":false},"excerpt":{"rendered":"","protected":false},"author":1,"featured_media":0,"parent":0,"menu_order":0,"comment_status":"open","ping_status":"open","template":"","meta":{"_acf_changed":false,"ngg_post_thumbnail":0,"footnotes":""},"class_list":["post-1711","page","type-page","status-publish","hentry"],"acf":[],"_links":{"self":[{"href":"https:\/\/www.stylehausdesign.com\/pt-br\/wp-json\/wp\/v2\/pages\/1711","targetHints":{"allow":["GET"]}}],"collection":[{"href":"https:\/\/www.stylehausdesign.com\/pt-br\/wp-json\/wp\/v2\/pages"}],"about":[{"href":"https:\/\/www.stylehausdesign.com\/pt-br\/wp-json\/wp\/v2\/types\/page"}],"author":[{"embeddable":true,"href":"https:\/\/www.stylehausdesign.com\/pt-br\/wp-json\/wp\/v2\/users\/1"}],"replies":[{"embeddable":true,"href":"https:\/\/www.stylehausdesign.com\/pt-br\/wp-json\/wp\/v2\/comments?post=1711"}],"version-history":[{"count":0,"href":"https:\/\/www.stylehausdesign.com\/pt-br\/wp-json\/wp\/v2\/pages\/1711\/revisions"}],"wp:attachment":[{"href":"https:\/\/www.stylehausdesign.com\/pt-br\/wp-json\/wp\/v2\/media?parent=1711"}],"curies":[{"name":"wp","href":"https:\/\/api.w.org\/{rel}","templated":true}]}}