{"id":1709,"date":"2014-10-10T17:33:07","date_gmt":"2014-10-10T17:33:07","guid":{"rendered":"http:\/\/www.stylehausdesign.com\/?page_id=1709"},"modified":"2016-09-29T22:30:04","modified_gmt":"2016-09-30T02:30:04","slug":"tatiana-moreira-2","status":"publish","type":"page","link":"https:\/\/www.stylehausdesign.com\/es\/tatiana-moreira-2\/","title":{"rendered":"Tatiana Moreira"},"content":{"rendered":"<div  class='flex_column av-av_one_full-2a9015ff38129c418a3f2eafba3e9512 av_one_full  avia-builder-el-0  avia-builder-el-no-sibling  first flex_column_div  '     ><section  class='av_textblock_section av-av_textblock-0366cc7376be6c9e82a3e9cc8987b64f '   itemscope=\"itemscope\" itemtype=\"https:\/\/schema.org\/CreativeWork\" ><div class='avia_textblock'  itemprop=\"text\" ><p><strong><a href=\"http:\/\/www.stylehausdesign.com\/wp-content\/uploads\/2014\/10\/MG_1116.jpg\"><img loading=\"lazy\" decoding=\"async\" class=\"alignleft wp-image-2972 size-medium\" src=\"http:\/\/www.stylehausdesign.com\/wp-content\/uploads\/2014\/10\/MG_1116-200x300.jpg\" width=\"200\" height=\"300\" srcset=\"https:\/\/www.stylehausdesign.com\/wp-content\/uploads\/2014\/10\/MG_1116-200x300.jpg 200w, https:\/\/www.stylehausdesign.com\/wp-content\/uploads\/2014\/10\/MG_1116-768x1152.jpg 768w, https:\/\/www.stylehausdesign.com\/wp-content\/uploads\/2014\/10\/MG_1116-687x1030.jpg 687w, https:\/\/www.stylehausdesign.com\/wp-content\/uploads\/2014\/10\/MG_1116-1000x1500.jpg 1000w, https:\/\/www.stylehausdesign.com\/wp-content\/uploads\/2014\/10\/MG_1116-470x705.jpg 470w, https:\/\/www.stylehausdesign.com\/wp-content\/uploads\/2014\/10\/MG_1116-450x675.jpg 450w\" sizes=\"auto, (max-width: 200px) 100vw, 200px\" \/><\/a>Tatiana Moreira<\/strong>\u00a0&#8211; ser hija de padres que siempre han estado en la industria de la moda en Brasil, Tatiana Moreira tiene genes de design. Ella vino a los Estados Unidos en 1997, para estudiar ingl\u00e9s y obtener su diploma en arquitectura de FIU-Florida International University.<br \/>\nTrabajar para Arquitectonica &amp; RTKL mundialmente conocida, que es entre las 20 empresas m\u00e1s grandes en los Estados Unidos, junto con sus estudios de arte en Firenze, Italia y Nueva York, era el fino toque que hizo un dise\u00f1ador excepcional Tatiana, con las habilidades necesarias para lanzar y ampliar el dise\u00f1o StyleHaus con \u00e9xito.<br \/>\nIncluso en una casa con 7 habitaciones o cobertura de 4000 metros cuadrados, oficina, tienda o cabello sal\u00f3n, pensamiento y visi\u00f3n de antemano con el sentido del estilo de Tatiana provoc\u00f3 todo.<\/p>\n<p>\u00abCada proyecto es un nuevo comienzo, no m\u00e1s all\u00e1, pero con un futuro. Creo que el arte, independientemente de su forma, es la m\u00e1s grande manifestaci\u00f3n de la creatividad humana. En todas estas-crean un hogar o un acabado para alguien, el establecimiento cuenta con los mismos principios y procesos; se crea para satisfacer las necesidades de una persona, uso y comodidad. Para la vida de una persona \u00ab-\u00bb Creo en la entrega de un hermoso dise\u00f1o, funcional, ordenado y limpio en cada detalle, \u00ab, dice Tatiana.<\/p>\n<\/div><\/section><\/div>\n","protected":false},"excerpt":{"rendered":"","protected":false},"author":1,"featured_media":0,"parent":0,"menu_order":0,"comment_status":"open","ping_status":"open","template":"","meta":{"_acf_changed":false,"ngg_post_thumbnail":0,"footnotes":""},"class_list":["post-1709","page","type-page","status-publish","hentry"],"acf":[],"_links":{"self":[{"href":"https:\/\/www.stylehausdesign.com\/es\/wp-json\/wp\/v2\/pages\/1709","targetHints":{"allow":["GET"]}}],"collection":[{"href":"https:\/\/www.stylehausdesign.com\/es\/wp-json\/wp\/v2\/pages"}],"about":[{"href":"https:\/\/www.stylehausdesign.com\/es\/wp-json\/wp\/v2\/types\/page"}],"author":[{"embeddable":true,"href":"https:\/\/www.stylehausdesign.com\/es\/wp-json\/wp\/v2\/users\/1"}],"replies":[{"embeddable":true,"href":"https:\/\/www.stylehausdesign.com\/es\/wp-json\/wp\/v2\/comments?post=1709"}],"version-history":[{"count":0,"href":"https:\/\/www.stylehausdesign.com\/es\/wp-json\/wp\/v2\/pages\/1709\/revisions"}],"wp:attachment":[{"href":"https:\/\/www.stylehausdesign.com\/es\/wp-json\/wp\/v2\/media?parent=1709"}],"curies":[{"name":"wp","href":"https:\/\/api.w.org\/{rel}","templated":true}]}}