{"id":1688,"date":"2014-10-10T17:14:29","date_gmt":"2014-10-10T17:14:29","guid":{"rendered":"http:\/\/www.stylehausdesign.com\/?page_id=1688"},"modified":"2016-09-23T22:05:56","modified_gmt":"2016-09-23T22:05:56","slug":"nosotros","status":"publish","type":"page","link":"https:\/\/www.stylehausdesign.com\/es\/nosotros\/","title":{"rendered":"Nosotros"},"content":{"rendered":"<div  class='flex_column av-av_two_third-2a9015ff38129c418a3f2eafba3e9512 av_two_third  avia-builder-el-0  el_before_av_one_third  avia-builder-el-first  first flex_column_div  '     ><section  class='av_textblock_section av-av_textblock-0366cc7376be6c9e82a3e9cc8987b64f '   itemscope=\"itemscope\" itemtype=\"https:\/\/schema.org\/CreativeWork\" ><div class='avia_textblock'  itemprop=\"text\" ><h3>Acerca de Nosostros<\/h3>\n<p><img loading=\"lazy\" decoding=\"async\" class=\"alignleft size-full wp-image-567\" title=\"page-thumb01\" src=\"http:\/\/www.stylehausdesign.com\/wp-content\/uploads\/2011\/07\/page-thumb01.jpg\" alt=\"\" width=\"319\" height=\"158\" srcset=\"https:\/\/www.stylehausdesign.com\/wp-content\/uploads\/2011\/07\/page-thumb01.jpg 319w, https:\/\/www.stylehausdesign.com\/wp-content\/uploads\/2011\/07\/page-thumb01-300x148.jpg 300w\" sizes=\"auto, (max-width: 319px) 100vw, 319px\" \/>STYLEHAUS es una empresa de servicio completo de dise\u00f1o con sede en Miami, Florida, que ofrece servicios de dise\u00f1o y decoraci\u00f3n para proyectos residenciales y comerciales, con el compromiso de excelencia de dise\u00f1o.<br \/>\nEn StyleHaus somos apasionados sobre estilo, detalles y comodidad. Creemos firmemente en \u00abbelleza con un prop\u00f3sito\u00bb y en la colaboraci\u00f3n e implicaci\u00f3n con el cliente para ejecutar soluciones de dise\u00f1o que aportan belleza, funcionalidad y expresan la personalidad del cliente junto con su estilo de vida. Esta Alianza nos permite transformar la visi\u00f3n del cliente en realidad.<\/p>\n<p><strong><span class=\"text_5\">Nuestros Servicios m\u00e1s Vendidos incluyen, pero no se limitan a:<\/span><\/strong><\/p>\n<\/div><\/section><br \/>\n\n<style type=\"text\/css\" data-created_by=\"avia_inline_auto\" id=\"style-css-av-av_iconlist-8115c1722e5fa09122f12650e41b7120\">\n#top .avia-icon-list-container.av-av_iconlist-8115c1722e5fa09122f12650e41b7120 .iconlist_icon{\nbackground-color:#ff0099;\n}\n#top #wrap_all .avia-icon-list-container.av-av_iconlist-8115c1722e5fa09122f12650e41b7120 .av_iconlist_title{\ncolor:#000000;\n}\n<\/style>\n<div  class='avia-icon-list-container av-av_iconlist-8115c1722e5fa09122f12650e41b7120  avia-builder-el-2  el_after_av_textblock  el_before_av_textblock '><ul class='avia-icon-list avia_animate_when_almost_visible avia-icon-list-left av-iconlist-big av-av_iconlist-8115c1722e5fa09122f12650e41b7120 avia-iconlist-animate'>\n<li><div class='iconlist_icon av-av_iconlist_item-25762e2b9b1832a913467da071081ad2 avia-font-entypo-fontello avia-iconfont avia-font-entypo-fontello'><span class='av-icon-char' data-av_icon='\ue812' data-av_iconfont='entypo-fontello' aria-hidden=\"true\"><\/span><\/div><article class=\"article-icon-entry \"  itemscope=\"itemscope\" itemtype=\"https:\/\/schema.org\/CreativeWork\" ><div class=\"iconlist_content_wrap\"><header class=\"entry-content-header\" aria-label=\"Icon: CUSTOM INTERIORS;\"><h4 class='av_iconlist_title iconlist_title  av_inherit_color'  itemprop=\"headline\" >CUSTOM INTERIORS;<\/h4><\/header><div class='iconlist_content '  itemprop=\"text\" ><p>Proyecto Personalizado de Design de Interiores<\/p>\n<\/div><\/div><footer class=\"entry-footer\"><\/footer><\/article><div class=\"iconlist-timeline\"><\/div><\/li>\n<li><div class='iconlist_icon av-av_iconlist_item-32a9e7bfe3ccfe9850360fe2c33ff9d8 avia-font-entypo-fontello avia-iconfont avia-font-entypo-fontello'><span class='av-icon-char' data-av_icon='\ue812' data-av_iconfont='entypo-fontello' aria-hidden=\"true\"><\/span><\/div><article class=\"article-icon-entry \"  itemscope=\"itemscope\" itemtype=\"https:\/\/schema.org\/CreativeWork\" ><div class=\"iconlist_content_wrap\"><header class=\"entry-content-header\" aria-label=\"Icon: Quick Fix Contemporary Packages;\"><h4 class='av_iconlist_title iconlist_title  av_inherit_color'  itemprop=\"headline\" >Quick Fix Contemporary Packages;<\/h4><\/header><div class='iconlist_content '  itemprop=\"text\" ><p>Gerenciamiento de Construcci\u00f3n<\/p>\n<\/div><\/div><footer class=\"entry-footer\"><\/footer><\/article><div class=\"iconlist-timeline\"><\/div><\/li>\n<li><div class='iconlist_icon av-av_iconlist_item-ffd17a23483ba1efe2ebf35dd9e00388 avia-font-entypo-fontello avia-iconfont avia-font-entypo-fontello'><span class='av-icon-char' data-av_icon='\ue812' data-av_iconfont='entypo-fontello' aria-hidden=\"true\"><\/span><\/div><article class=\"article-icon-entry \"  itemscope=\"itemscope\" itemtype=\"https:\/\/schema.org\/CreativeWork\" ><div class=\"iconlist_content_wrap\"><header class=\"entry-content-header\" aria-label=\"Icon: Home Staging \/ Design to Sell.\"><h4 class='av_iconlist_title iconlist_title  av_inherit_color'  itemprop=\"headline\" >Home Staging \/ Design to Sell.<\/h4><\/header><div class='iconlist_content '  itemprop=\"text\" ><p>Posicionamiento del Inmueble \/ Design para Vender<\/p>\n<\/div><\/div><footer class=\"entry-footer\"><\/footer><\/article><div class=\"iconlist-timeline\"><\/div><\/li>\n<\/ul><\/div><br \/>\n<section  class='av_textblock_section av-av_textblock-0366cc7376be6c9e82a3e9cc8987b64f '   itemscope=\"itemscope\" itemtype=\"https:\/\/schema.org\/CreativeWork\" ><div class='avia_textblock'  itemprop=\"text\" ><h3>Equipo de STYLEHAUS Design<\/h3>\n<p>El equipo de STYLEHAUS est\u00e1 compuesto por excepcionales designers, arquitectos, administradores de proyectos y contratistas, todo contribuyente al \u00e9xito de nuestros proyectos. La diversidad y la calidad de la relaci\u00f3n que desarrollamos con los mejores proveedores de sur de la Florida y prestadores de servicios, garantizando que nuestros clientes tengan el mejor servicio, incluyendo algunos de los m\u00e1s grandes descuentos disponibles en el mercado.<\/p>\n<\/div><\/section><\/p><\/div>\n\n<style type=\"text\/css\" data-created_by=\"avia_inline_auto\" id=\"style-css-av-av_one_third-9c1d454dc06f7247226bc4e8f931daae\">\n.flex_column.av-av_one_third-9c1d454dc06f7247226bc4e8f931daae{\nborder-radius:0px 0px 0px 0px;\npadding:0px 0px 0px 0px;\n}\n<\/style>\n<div  class='flex_column av-av_one_third-9c1d454dc06f7247226bc4e8f931daae av_one_third  avia-builder-el-4  el_after_av_two_third  el_before_av_one_third  flex_column_div av-zero-column-padding  '     ><section  class='av_textblock_section av-av_textblock-0366cc7376be6c9e82a3e9cc8987b64f '   itemscope=\"itemscope\" itemtype=\"https:\/\/schema.org\/CreativeWork\" ><div class='avia_textblock'  itemprop=\"text\" ><h3>Como Trabajamos<\/h3>\n<p>\n<style type=\"text\/css\" data-created_by=\"avia_inline_auto\" id=\"style-css-av-av_dropcap2-4e6156fa5ce2a9590a317e0706775535\">\n.av_dropcap2.av-av_dropcap2-4e6156fa5ce2a9590a317e0706775535{\nbackground-color:black;\n}\n<\/style>\n<span class='av_dropcap2 av-av_dropcap2-4e6156fa5ce2a9590a317e0706775535'>1<\/span> <strong>Fase de Esquematizaci\u00f3n \u2013 P\u00f3ngase en contacto<\/strong> P\u00f3ngase en contacto para consultor\u00eda inicial &#8211; \u00a1para obtener una propuesta y firmar el contracto para su proyecto!<br \/>\nIdentificaremos el alcance del trabajo, vamos a hacer una planificaci\u00f3n del espacio preliminar, crearemos el concepto de design y desarrollo de un presupuesto preliminar.<\/p>\n<p>\n<style type=\"text\/css\" data-created_by=\"avia_inline_auto\" id=\"style-css-av-av_dropcap2-4e6156fa5ce2a9590a317e0706775535\">\n.av_dropcap2.av-av_dropcap2-4e6156fa5ce2a9590a317e0706775535{\nbackground-color:black;\n}\n<\/style>\n<span class='av_dropcap2 av-av_dropcap2-4e6156fa5ce2a9590a317e0706775535'>2<\/span> <strong>Fase de Desarrollo del Design<\/strong>\u00a0Terminaremos el design layouts y haremos todas las selecciones de materiales y acabados. Precios finales, documentos de construcci\u00f3n, planes y los permisos ser\u00e1n emitidos\/recibidos.<\/p>\n<p>\n<style type=\"text\/css\" data-created_by=\"avia_inline_auto\" id=\"style-css-av-av_dropcap2-4e6156fa5ce2a9590a317e0706775535\">\n.av_dropcap2.av-av_dropcap2-4e6156fa5ce2a9590a317e0706775535{\nbackground-color:black;\n}\n<\/style>\n<span class='av_dropcap2 av-av_dropcap2-4e6156fa5ce2a9590a317e0706775535'>3<\/span> \u00a0<strong>Compra + Etapa de Construcci\u00f3n\u00a0<\/strong>Nosotros haremos todas las compras, coordinaci\u00f3n de las entregas e instalaciones, as\u00ed como ser\u00e1 responsable de toda la construcci\u00f3n hasta el final de la instalaci\u00f3n de muebles y accesorios. \u00a1Si\u00e9ntese y rel\u00e1jese!<\/p>\n<h3>\u00a1Nosotros Haremos Su Vida m\u00e1s C\u00f3moda!<\/h3>\n<div  class='hr av-av_hr-5680ccc2406209a2a9795a5bbdbb6fe7 hr-short  avia-builder-el-6  avia-builder-el-no-sibling  hr-center'><span class='hr-inner '><span class=\"hr-inner-style\"><\/span><\/span><\/div>\n<\/div><\/section><\/div>\n<div  class='flex_column av-av_one_third-2a9015ff38129c418a3f2eafba3e9512 av_one_third  avia-builder-el-7  el_after_av_one_third  avia-builder-el-last  first flex_column_div  column-top-margin'     ><style type=\"text\/css\" data-created_by=\"avia_inline_auto\" id=\"style-css-av-av_team_member-38a9dc91861d5baf385eb854a4549400\">\n#top #wrap_all .avia-team-member.av-av_team_member-38a9dc91861d5baf385eb854a4549400 .team-member-name{\ncolor:#ff0099;\n}\n.avia-team-member.av-av_team_member-38a9dc91861d5baf385eb854a4549400 .team-member-job-title{\ncolor:#ff0099;\n}\n<\/style>\n<section  class='avia-team-member av-av_team_member-38a9dc91861d5baf385eb854a4549400  avia-builder-el-8  avia-builder-el-no-sibling '  itemscope=\"itemscope\" itemtype=\"https:\/\/schema.org\/Person\" ><div class=\"team-img-container\"><img decoding=\"async\" fetchpriority=\"high\" class='wp-image-4569 avia-img-lazy-loading-not-4569 avia_image avia_image_team' src=\"https:\/\/www.stylehausdesign.com\/wp-content\/uploads\/2011\/07\/tatiana-moreita-architect-300x300.png\" alt='Tatiana Moreira'  itemprop=\"image\"   height=\"300\" width=\"300\" srcset=\"https:\/\/www.stylehausdesign.com\/wp-content\/uploads\/2011\/07\/tatiana-moreita-architect-300x300.png 300w, https:\/\/www.stylehausdesign.com\/wp-content\/uploads\/2011\/07\/tatiana-moreita-architect-80x80.png 80w, https:\/\/www.stylehausdesign.com\/wp-content\/uploads\/2011\/07\/tatiana-moreita-architect-768x768.png 768w, https:\/\/www.stylehausdesign.com\/wp-content\/uploads\/2011\/07\/tatiana-moreita-architect-1030x1030.png 1030w, https:\/\/www.stylehausdesign.com\/wp-content\/uploads\/2011\/07\/tatiana-moreita-architect-36x36.png 36w, https:\/\/www.stylehausdesign.com\/wp-content\/uploads\/2011\/07\/tatiana-moreita-architect-180x180.png 180w, https:\/\/www.stylehausdesign.com\/wp-content\/uploads\/2011\/07\/tatiana-moreita-architect-705x705.png 705w, https:\/\/www.stylehausdesign.com\/wp-content\/uploads\/2011\/07\/tatiana-moreita-architect-120x120.png 120w, https:\/\/www.stylehausdesign.com\/wp-content\/uploads\/2011\/07\/tatiana-moreita-architect-450x450.png 450w, https:\/\/www.stylehausdesign.com\/wp-content\/uploads\/2011\/07\/tatiana-moreita-architect.png 1333w\" sizes=\"(max-width: 300px) 100vw, 300px\" \/><div class=\"team-social\"><div class=\"team-social-inner\"><span class='hidden av_member_url_markup '  itemprop=\"url\" >\/tatiana-moreira\/<\/span><a href='\/tatiana-moreira\/' class='avia-team-icon av-av_team_icon-2d83e47080bffe789ce1e3abba560458 avia-iconfont avia-font-entypo-fontello' rel='v:url' data-avia-tooltip=\"Tatiana Moreira Bio\"  data-av_icon='\ue812' data-av_iconfont='entypo-fontello' ><\/a><\/div><\/div><\/div><h3 class='team-member-name '  itemprop=\"name\" >Tatiana Moreira<\/h3><div class='team-member-job-title av_opacity_variation'  itemprop=\"jobTitle\" >Principal Designer <\/div><div class='team-member-description '  itemprop=\"description\" ><p>Tatiana lleg\u00f3 a Estados Unidos en 1997 y continu\u00f3 su licenciatura en Arquitectura de la Universidad Internacional de la Florida.<\/p>\n<\/div><span class='hidden team-member-affiliation'  itemprop=\"affiliation\" >Stylehaus Interior Design<\/span><\/section><\/div>\n","protected":false},"excerpt":{"rendered":"","protected":false},"author":1,"featured_media":0,"parent":0,"menu_order":1,"comment_status":"open","ping_status":"open","template":"","meta":{"_acf_changed":false,"ngg_post_thumbnail":0,"footnotes":""},"class_list":["post-1688","page","type-page","status-publish","hentry"],"acf":[],"_links":{"self":[{"href":"https:\/\/www.stylehausdesign.com\/es\/wp-json\/wp\/v2\/pages\/1688","targetHints":{"allow":["GET"]}}],"collection":[{"href":"https:\/\/www.stylehausdesign.com\/es\/wp-json\/wp\/v2\/pages"}],"about":[{"href":"https:\/\/www.stylehausdesign.com\/es\/wp-json\/wp\/v2\/types\/page"}],"author":[{"embeddable":true,"href":"https:\/\/www.stylehausdesign.com\/es\/wp-json\/wp\/v2\/users\/1"}],"replies":[{"embeddable":true,"href":"https:\/\/www.stylehausdesign.com\/es\/wp-json\/wp\/v2\/comments?post=1688"}],"version-history":[{"count":0,"href":"https:\/\/www.stylehausdesign.com\/es\/wp-json\/wp\/v2\/pages\/1688\/revisions"}],"wp:attachment":[{"href":"https:\/\/www.stylehausdesign.com\/es\/wp-json\/wp\/v2\/media?parent=1688"}],"curies":[{"name":"wp","href":"https:\/\/api.w.org\/{rel}","templated":true}]}}