{"id":1682,"date":"2014-10-10T17:02:25","date_gmt":"2014-10-10T17:02:25","guid":{"rendered":"http:\/\/www.stylehausdesign.com\/?page_id=1682"},"modified":"2014-10-13T19:43:49","modified_gmt":"2014-10-13T19:43:49","slug":"services-2","status":"publish","type":"page","link":"https:\/\/www.stylehausdesign.com\/es\/services-2\/","title":{"rendered":"Servicios"},"content":{"rendered":"<section  class='av_textblock_section av-av_textblock-0366cc7376be6c9e82a3e9cc8987b64f '   itemscope=\"itemscope\" itemtype=\"https:\/\/schema.org\/CreativeWork\" ><div class='avia_textblock'  itemprop=\"text\" ><h3>Nuestros Servicios\u00a0\u2013 Arquitectura de Interiores<\/h3>\n<p><a class=\"shutterset_\" href=\"http:\/\/www.stylehausdesign.com\/wp-content\/gallery\/allprojects\/gd-2603-31.jpg\"><img loading=\"lazy\" decoding=\"async\" class=\"ngg-singlepic ngg-none alignleft\" src=\"http:\/\/www.stylehausdesign.com\/wp-content\/gallery\/allprojects\/thumbs\/thumbs_gd-2603-31.jpg\" alt=\"gd-2603-31\" width=\"150\" height=\"100\" \/><\/a>Ofrecemos servicios de dise\u00f1o completo, desde el montaje de la remodelaci\u00f3n completa hasta las habitaciones del edificio, entre otros. Nuestros servicios se llevan a cabo para los propietarios, entidades comerciales y bienes ra\u00edces en los condados de Miami-Dade, Broward y Palm Beach.<br \/>\nAsesoramos al cliente para lograr su meta de dise\u00f1o dentro del presupuesto previsto, a trav\u00e9s de nuestras s\u00f3lidas alianzas con los mejores proveedores, contratistas y proveedores disponibles en el mercado hoy.<\/p>\n<p><strong>Nuestro Servicios M\u00e1s Vendidos incluyen, pero no se limitan a:<\/strong><\/p>\n<\/div><\/section>\n<div  class='flex_column av-av_one_half-2a9015ff38129c418a3f2eafba3e9512 av_one_half  avia-builder-el-1  el_after_av_textblock  el_before_av_one_half  first flex_column_div  column-top-margin'     ><section  class='av_textblock_section av-av_textblock-0366cc7376be6c9e82a3e9cc8987b64f '   itemscope=\"itemscope\" itemtype=\"https:\/\/schema.org\/CreativeWork\" ><div class='avia_textblock'  itemprop=\"text\" ><p>\n<style type=\"text\/css\" data-created_by=\"avia_inline_auto\" id=\"style-css-av-av_dropcap2-9d6933638cf05f55d8d8ffa030b50ac4\">\n.av_dropcap2.av-av_dropcap2-9d6933638cf05f55d8d8ffa030b50ac4{\nbackground-color:#ff0099;\n}\n<\/style>\n<span class='av_dropcap2 av-av_dropcap2-9d6933638cf05f55d8d8ffa030b50ac4'>1<\/span><strong class=\"ServiceTitle\">Personalizaci\u00f3n de Interiores<\/strong><strong>:\u00a0<\/strong>Servicios de personalizaci\u00f3n de dise\u00f1o a gran escala para espacios residenciales, comerciales y al por menor. Proporcionaremos un espacio personalizado que refleja la personalidad de nuestros clientes y sus estilos de vida. Esto se logra en 3 fases:<br \/>\n1.1 ESQUEMATIZACI\u00d3N: Consultor\u00eda Inicial\u00a0\/\u00a0Identificaci\u00f3n del objetivo de trabajo \/\u00a0Medici\u00f3n del local\/ Fotograf\u00edas y planos de dise\u00f1o \u00abcomo est\u00e1\u00bb\/ Creaci\u00f3n del concepto del design\/ Creaci\u00f3n de presupuesto preliminar.<br \/>\n1.2\u00a0DESARROLLO DE DESIGN: Planificaci\u00f3n de espacio y layout personalizado \/\u00a0Selecciones de Design \/ Documentos y Dise\u00f1os de construcci\u00f3n\/ Emisi\u00f3n de Permiso<br \/>\n1.3\u00a0Compras \/ Coordinaci\u00f3n \/ Trabajadores de Construcci\u00f3n y Gerenciamiento\/ Mobiliaria Final e Instalaci\u00f3n de Accesorios<\/p>\n<p><a class=\"shutterset_\" title=\"\" href=\"http:\/\/www.stylehausdesign.com\/wp-content\/gallery\/greendiamond2603\/gd-2603-35.jpg\"><img loading=\"lazy\" decoding=\"async\" class=\"ngg-singlepic ngg-none alignleft\" src=\"http:\/\/www.stylehausdesign.com\/wp-content\/gallery\/greendiamond2603\/thumbs\/thumbs_gd-2603-35.jpg\" alt=\"gd-2603-35\" width=\"150\" height=\"100\" \/><\/a><a class=\"shutterset_\" href=\"http:\/\/www.stylehausdesign.com\/wp-content\/gallery\/greendiamond2603\/gd-2603-20.jpg\"><img loading=\"lazy\" decoding=\"async\" class=\"ngg-singlepic ngg-none alignnone\" src=\"http:\/\/www.stylehausdesign.com\/wp-content\/gallery\/greendiamond2603\/thumbs\/thumbs_gd-2603-20.jpg\" alt=\"gd-2603-20\" width=\"150\" height=\"100\" \/><\/a> <a class=\"shutterset_\" title=\"\" href=\"http:\/\/www.stylehausdesign.com\/wp-content\/gallery\/trumtower3_2202\/trump-towers-2202-32.jpg\"><img loading=\"lazy\" decoding=\"async\" class=\"ngg-singlepic ngg-none alignleft\" src=\"http:\/\/www.stylehausdesign.com\/wp-content\/gallery\/trumtower3_2202\/thumbs\/thumbs_trump-towers-2202-32.jpg\" alt=\"trump-towers-2202-32\" width=\"150\" height=\"100\" \/><\/a><a class=\"shutterset_\" title=\"\" href=\"http:\/\/www.stylehausdesign.com\/wp-content\/gallery\/artecity408\/artecity-14.jpg\"><img decoding=\"async\" class=\"ngg-singlepic ngg-none\" src=\"http:\/\/www.stylehausdesign.com\/wp-content\/gallery\/artecity408\/thumbs\/thumbs_artecity-14.jpg\" alt=\"artecity-14\" \/><\/a><\/p>\n<\/div><\/section><\/div>\n<div  class='flex_column av-av_one_half-bb0c93372dbfdfd42698443400a42550 av_one_half  avia-builder-el-3  el_after_av_one_half  el_before_av_one_half  flex_column_div  column-top-margin'     ><section  class='av_textblock_section av-av_textblock-0366cc7376be6c9e82a3e9cc8987b64f '   itemscope=\"itemscope\" itemtype=\"https:\/\/schema.org\/CreativeWork\" ><div class='avia_textblock'  itemprop=\"text\" ><p>\n<style type=\"text\/css\" data-created_by=\"avia_inline_auto\" id=\"style-css-av-av_dropcap2-9d6933638cf05f55d8d8ffa030b50ac4\">\n.av_dropcap2.av-av_dropcap2-9d6933638cf05f55d8d8ffa030b50ac4{\nbackground-color:#ff0099;\n}\n<\/style>\n<span class='av_dropcap2 av-av_dropcap2-9d6933638cf05f55d8d8ffa030b50ac4'>2<\/span><strong class=\"ServiceTitle\">Paquetes Contempor\u00e1neos de Cierre R\u00e1pido:<\/strong>\u00a0Para clientes conscientes de tiempo y dinero, que buscan mejorar su ambiente.\u00a0StyleHaus transformar\u00e1 esta experiencia simple, agradable y accesible!\u00a0Quick Fix*\u00a0 es un paquete r\u00e1pido y rentable para los muebles y accesorios que va a transformar su casa en una zona con mejores condiciones de vivienda dentro de 20 d\u00edas, en s\u00f3lo tres pasos:<br \/>\n2.1\u00a0PLANIFICACI\u00d3N:\u00a0Durante la visita inicial, nuestro dise\u00f1ador medir\u00e1 las habitaciones destinadas, luego crearemos un dise\u00f1o de muebles personalizados para cada habitaci\u00f3n y presentar el plan para su aprobaci\u00f3n por parte del cliente.<br \/>\n2.2 ELECCIONES DE DESIGN:\u00a0Para nuestro directorio de paquetes de muebles creado profesionalmente, el cliente elegir\u00e1 un paquete que es adecuado para su presupuesto y habitaciones, para requisitos particulares seg\u00fan sus opciones y estilo de vida. Los paquetes incluyen: muebles, alfombras, iluminaci\u00f3n y accesorios. Despu\u00e9s de eso, StyleHaus va a elegir: colores, pintura y revestimiento y tratamiento de la ventana de la pared.<br \/>\n2.3 \u00a0MI CASA IDEAL<strong>:<\/strong>\u00a0En nombre del cliente, las solicitudes de StyleHaus consta de los elementos seleccionados ser\u00e1n entregados directamente a la direcci\u00f3n. Una vez que todos los art\u00edculos est\u00e1n en la direcci\u00f3n, uno de nuestros dise\u00f1adores conducir\u00e1 los toques finales de muebles e instalaci\u00f3n de accesorios.<\/p>\n<\/div><\/section><\/div>\n<div  class='flex_column av-av_one_half-2a9015ff38129c418a3f2eafba3e9512 av_one_half  avia-builder-el-5  el_after_av_one_half  el_before_av_one_half  first flex_column_div  column-top-margin'     ><section  class='av_textblock_section av-av_textblock-0366cc7376be6c9e82a3e9cc8987b64f '   itemscope=\"itemscope\" itemtype=\"https:\/\/schema.org\/CreativeWork\" ><div class='avia_textblock'  itemprop=\"text\" ><p>\n<style type=\"text\/css\" data-created_by=\"avia_inline_auto\" id=\"style-css-av-av_dropcap2-9d6933638cf05f55d8d8ffa030b50ac4\">\n.av_dropcap2.av-av_dropcap2-9d6933638cf05f55d8d8ffa030b50ac4{\nbackground-color:#ff0099;\n}\n<\/style>\n<span class='av_dropcap2 av-av_dropcap2-9d6933638cf05f55d8d8ffa030b50ac4'>3<\/span><strong class=\"ServiceTitle\">Posicionamiento en el Inmueble \/ Design para Venta:\u00a0<\/strong>\u00a0Para aquellos que buscan un visual renovador en un cambio r\u00e1pido- Una elecci\u00f3n para peque\u00f1os presupuestos!<br \/>\nPara aquellos que buscan un recordatorio visual de un cambio r\u00e1pido-Una opci\u00f3n para presupuestos m\u00e1s peque\u00f1os.<br \/>\nStyleHaus funciona con lo que el cliente ya posee, edici\u00f3n y reordenar muebles existentes y accesorios, sugiriendo un nuevo esquema de color, prendas y muebles necesitado.\u00a0Un proyecto promedio posicionamiento toma generalmente 3 a 7 d\u00edas para finalizar.<\/p>\n<\/div><\/section><\/div>\n<div  class='flex_column av-av_one_half-bb0c93372dbfdfd42698443400a42550 av_one_half  avia-builder-el-7  el_after_av_one_half  el_before_av_hr  flex_column_div  column-top-margin'     ><section  class='av_textblock_section av-av_textblock-0366cc7376be6c9e82a3e9cc8987b64f '   itemscope=\"itemscope\" itemtype=\"https:\/\/schema.org\/CreativeWork\" ><div class='avia_textblock'  itemprop=\"text\" ><p>\n<style type=\"text\/css\" data-created_by=\"avia_inline_auto\" id=\"style-css-av-av_dropcap2-9d6933638cf05f55d8d8ffa030b50ac4\">\n.av_dropcap2.av-av_dropcap2-9d6933638cf05f55d8d8ffa030b50ac4{\nbackground-color:#ff0099;\n}\n<\/style>\n<span class='av_dropcap2 av-av_dropcap2-9d6933638cf05f55d8d8ffa030b50ac4'>4<\/span><strong class=\"ServiceTitle\">Servicios Completos:<br \/>\n<\/strong>\u2013 Design+ Construcci\u00f3n:<br \/>\n&#8211; An\u00e1lisis de costos de pre construcci\u00f3n.<br \/>\n&#8211; Documentos de Construcci\u00f3n: Dise\u00f1os y Especificaciones.<br \/>\n&#8211; Emisi\u00f3n de los Permisos de Proyecto.<br \/>\n&#8211;\u00a0Gerenciamiento del Proyecto + Construcci\u00f3n.<br \/>\n&#8211; Fornecimiento General + Subcontratados.<br \/>\n&#8211; Gabinetes y Mobiliario Personalizados.<br \/>\n&#8211; Artes de Acabado.<br \/>\n&#8211; Paquetes de Design Completos.<\/p>\n<\/div><\/section><\/div><div  class='hr av-av_hr-dcd2069817a0e3d34ae04cad8f3443c7 hr-default  avia-builder-el-9  el_after_av_one_half  el_before_av_textblock '><span class='hr-inner '><span class=\"hr-inner-style\"><\/span><\/span><\/div><\/p>\n<section  class='av_textblock_section av-av_textblock-0366cc7376be6c9e82a3e9cc8987b64f '   itemscope=\"itemscope\" itemtype=\"https:\/\/schema.org\/CreativeWork\" ><div class='avia_textblock'  itemprop=\"text\" ><p style=\"text-align: center;\">Para mayores informaciones sobre nuestros Servicios de Design y Paquetes, o para marcar cita para una consultor\u00eda inicial, p\u00f3ngase en contacto:\u00a0\u00a0<a href=\"mailto:info@stylehausdesign.com\">info@stylehausdesign.com<\/a> or (305) 675.1609.<\/p>\n<\/div><\/section>\n","protected":false},"excerpt":{"rendered":"","protected":false},"author":1,"featured_media":0,"parent":0,"menu_order":0,"comment_status":"open","ping_status":"open","template":"","meta":{"_acf_changed":false,"ngg_post_thumbnail":0,"footnotes":""},"class_list":["post-1682","page","type-page","status-publish","hentry"],"acf":[],"_links":{"self":[{"href":"https:\/\/www.stylehausdesign.com\/es\/wp-json\/wp\/v2\/pages\/1682","targetHints":{"allow":["GET"]}}],"collection":[{"href":"https:\/\/www.stylehausdesign.com\/es\/wp-json\/wp\/v2\/pages"}],"about":[{"href":"https:\/\/www.stylehausdesign.com\/es\/wp-json\/wp\/v2\/types\/page"}],"author":[{"embeddable":true,"href":"https:\/\/www.stylehausdesign.com\/es\/wp-json\/wp\/v2\/users\/1"}],"replies":[{"embeddable":true,"href":"https:\/\/www.stylehausdesign.com\/es\/wp-json\/wp\/v2\/comments?post=1682"}],"version-history":[{"count":0,"href":"https:\/\/www.stylehausdesign.com\/es\/wp-json\/wp\/v2\/pages\/1682\/revisions"}],"wp:attachment":[{"href":"https:\/\/www.stylehausdesign.com\/es\/wp-json\/wp\/v2\/media?parent=1682"}],"curies":[{"name":"wp","href":"https:\/\/api.w.org\/{rel}","templated":true}]}}